{"id":2,"date":"2013-06-19T13:59:04","date_gmt":"2013-06-19T13:59:04","guid":{"rendered":"http:\/\/www.orviasesores.com\/?page_id=2"},"modified":"2019-02-24T12:21:49","modified_gmt":"2019-02-24T12:21:49","slug":"pagina-ejemplo","status":"publish","type":"page","link":"http:\/\/www.orviasesores.com\/?page_id=2","title":{"rendered":"Contacto"},"content":{"rendered":"<h4><\/h4>\n<h4><strong><span style=\"text-decoration: underline; color: #800000;\">DIRECCI\u00d3N<\/span><\/strong><\/h4>\n<h4>C\/ M\u00e9dico Jos\u00e9 Capel, n\u00ba 3 &#8211; 1\u00baD, 30820 Alcantarilla, Murcia, Espa\u00f1a.<\/h4>\n<p>&nbsp;<\/p>\n<p style=\"text-align: centre;\"><iframe loading=\"lazy\" src=\"https:\/\/maps.google.es\/maps?f=q&amp;source=s_q&amp;hl=es&amp;geocode=&amp;q=Calle+M%C3%A9dico+Jos%C3%A9+Capel,+3,+Alcantarilla&amp;aq=0&amp;oq=C%2F+MEDICO+JOSE+CAPEL,+3,&amp;sll=38.064419,-1.496197&amp;sspn=3.697355,4.394531&amp;ie=UTF8&amp;hq=&amp;hnear=Calle+M%C3%A9dico+Jos%C3%A9+Capel,+3,+30820+Alcantarilla,+Murcia&amp;t=m&amp;ll=37.967207,-1.216114&amp;spn=0.005921,0.00912&amp;z=16&amp;iwloc=A&amp;output=embed\" height=\"255\" width=\"504\" frameborder=\"0\" marginwidth=\"0\" marginheight=\"0\" scrolling=\"no\"><\/iframe><\/p>\n<p style=\"text-align: left;\"><small><a style=\"color: #0000ff; text-align: left;\" href=\"https:\/\/maps.google.es\/maps?f=q&amp;source=embed&amp;hl=es&amp;geocode=&amp;q=Calle+M%C3%A9dico+Jos%C3%A9+Capel,+3,+Alcantarilla&amp;aq=0&amp;oq=C%2F+MEDICO+JOSE+CAPEL,+3,&amp;sll=38.064419,-1.496197&amp;sspn=3.697355,4.394531&amp;ie=UTF8&amp;hq=&amp;hnear=Calle+M%C3%A9dico+Jos%C3%A9+Capel,+3,+30820+Alcantarilla,+Murcia&amp;t=m&amp;ll=37.967207,-1.216114&amp;spn=0.005921,0.00912&amp;z=16&amp;iwloc=A\">Ver mapa m\u00e1s grande<\/a><\/small><\/p>\n<h4><strong><\/strong><span style=\"text-decoration: underline;\"><span style=\"color: #800000; text-decoration: underline;\"><strong>HORARIO DE ATEN<\/strong><strong>CI\u00d3N AL P\u00daBLICO<\/strong><\/span><\/span><\/h4>\n<h4 style=\"text-align: left;\">De lunes a jueves de 9:00 h. a 14:00 h. y de 16:30 h. a 20:00 h.<\/h4>\n<h4 style=\"text-align: left;\">Los viernes de 9:00 h a 14:00 h.<\/h4>\n<h4 style=\"text-align: left;\">Del 1 de Julio al 15 de Septiembre el horario de atenci\u00f3n al p\u00fablico ser\u00e1 de 9:00 h. a 14:00 h.<\/h4>\n<h4 style=\"text-align: left;\"><strong><span style=\"text-decoration: underline;\"><span style=\"color: #800000; text-decoration: underline;\">TEL\u00c9FONOS<\/span><\/span><\/strong><\/h4>\n<h4 style=\"text-align: left;\"><span style=\"color: #000000;\">Fijo: 868 95 23 40<\/span><\/h4>\n<h4 style=\"text-align: left;\"><span style=\"color: #000000;\">M\u00f3vil: 660 76 15 60<\/span><\/h4>\n<h4 style=\"text-align: left;\"><span style=\"color: #000000;\">Fax: 868 95 23 41<\/span><\/h4>\n<h4 style=\"text-align: left;\"><strong><span style=\"color: #800000;\"><span style=\"text-decoration: underline;\">CORREOS ELECTR\u00d3NICOS<\/span><\/span><\/strong><\/h4>\n<h4 style=\"text-align: left;\">General:<a href=\"mailto:info@orviasesores.com\"> info@orviasesores.com<\/a><\/h4>\n<h4 style=\"text-align: left;\">Dpto.Laboral: <a href=\"mailto:laboral@orviasesores.com\">laboral@orviasesores.com<\/a><\/h4>\n<h4 style=\"text-align: left;\">Dpto.Fiscal: <a href=\"mailto:fiscal@orviasesores.com\">fiscal@orviasesores.com<\/a><\/h4>\n","protected":false},"excerpt":{"rendered":"<p>DIRECCI\u00d3N C\/ M\u00e9dico Jos\u00e9 Capel, n\u00ba 3 &#8211; 1\u00baD, 30820 Alcantarilla, Murcia, Espa\u00f1a. &nbsp; Ver mapa m\u00e1s grande HORARIO DE ATENCI\u00d3N AL P\u00daBLICO De lunes a jueves de 9:00 h. a 14:00 h. y de 16:30 h. a 20:00 h. Los viernes de 9:00 h a 14:00 h. Del 1 de Julio al 15 de &hellip; <\/p>\n<p><a class=\"more-link btn\" href=\"http:\/\/www.orviasesores.com\/?page_id=2\">Seguir leyendo<\/a><\/p>\n","protected":false},"author":1,"featured_media":0,"parent":0,"menu_order":0,"comment_status":"open","ping_status":"open","template":"","meta":{"footnotes":""},"_links":{"self":[{"href":"http:\/\/www.orviasesores.com\/index.php?rest_route=\/wp\/v2\/pages\/2"}],"collection":[{"href":"http:\/\/www.orviasesores.com\/index.php?rest_route=\/wp\/v2\/pages"}],"about":[{"href":"http:\/\/www.orviasesores.com\/index.php?rest_route=\/wp\/v2\/types\/page"}],"author":[{"embeddable":true,"href":"http:\/\/www.orviasesores.com\/index.php?rest_route=\/wp\/v2\/users\/1"}],"replies":[{"embeddable":true,"href":"http:\/\/www.orviasesores.com\/index.php?rest_route=%2Fwp%2Fv2%2Fcomments&post=2"}],"version-history":[{"count":38,"href":"http:\/\/www.orviasesores.com\/index.php?rest_route=\/wp\/v2\/pages\/2\/revisions"}],"predecessor-version":[{"id":243,"href":"http:\/\/www.orviasesores.com\/index.php?rest_route=\/wp\/v2\/pages\/2\/revisions\/243"}],"wp:attachment":[{"href":"http:\/\/www.orviasesores.com\/index.php?rest_route=%2Fwp%2Fv2%2Fmedia&parent=2"}],"curies":[{"name":"wp","href":"https:\/\/api.w.org\/{rel}","templated":true}]}}