{"id":115,"date":"2013-06-21T18:28:13","date_gmt":"2013-06-21T18:28:13","guid":{"rendered":"http:\/\/www.orviasesores.com\/?page_id=115"},"modified":"2019-02-24T12:21:10","modified_gmt":"2019-02-24T12:21:10","slug":"servicios-2-2","status":"publish","type":"page","link":"http:\/\/www.orviasesores.com\/?page_id=115","title":{"rendered":"Servicios"},"content":{"rendered":"<p><img decoding=\"async\" loading=\"lazy\" alt=\"JURLAB\" src=\"http:\/\/www.orviasesores.com\/wp-content\/uploads\/2014\/01\/JURLAB.jpg\" width=\"210\" height=\"105\" \/><\/p>\n<p>EXPEDIENTES DE DESPIDOS Y CONFLICTOS INDIVIDUALES, ERES, DEMANDAS, NEGOCIACI\u00d3N COLECTIVA, CONCILIACIONES LABORALES, MODIFICACIONES CONTRACTUALES, PRESTACIONES DE SEGURIDAD SOCIAL, PRESTACIONES DEL IMAS, ETC..<\/p>\n<p><img decoding=\"async\" loading=\"lazy\" class=\" wp-image-163\" alt=\"FISCAL\" src=\"http:\/\/www.orviasesores.com\/wp-content\/uploads\/2014\/01\/FISCAL.jpg\" width=\"210\" height=\"105\" srcset=\"http:\/\/www.orviasesores.com\/wp-content\/uploads\/2014\/01\/FISCAL.jpg 400w, http:\/\/www.orviasesores.com\/wp-content\/uploads\/2014\/01\/FISCAL-300x150.jpg 300w, http:\/\/www.orviasesores.com\/wp-content\/uploads\/2014\/01\/FISCAL-340x170.jpg 340w\" sizes=\"(max-width: 210px) 100vw, 210px\" \/><\/p>\n<p style=\"text-align: justify;\">NUESTRO EQUIPO EST\u00c1 PERMANENTEMENTE A LA ACTUALIDAD EN LA NORMATIVA FISCAL PARA LA PLANIFICACI\u00d3N DE IMPUESTOS, IRPF, IVA, MOD. 347, ETC&#8230;Y PODER OFRECER UN EFICIENTE ASESORAMIENTO A NUESTROS CLIENTES.<\/p>\n<p><img decoding=\"async\" loading=\"lazy\" class=\" wp-image-165 alignleft\" alt=\"LAB\" src=\"http:\/\/www.orviasesores.com\/wp-content\/uploads\/2014\/01\/LAB.jpg\" width=\"210\" height=\"106\" srcset=\"http:\/\/www.orviasesores.com\/wp-content\/uploads\/2014\/01\/LAB.jpg 400w, http:\/\/www.orviasesores.com\/wp-content\/uploads\/2014\/01\/LAB-300x150.jpg 300w, http:\/\/www.orviasesores.com\/wp-content\/uploads\/2014\/01\/LAB-340x170.jpg 340w\" sizes=\"(max-width: 210px) 100vw, 210px\" \/><\/p>\n<p>&nbsp;<\/p>\n<p>&nbsp;<\/p>\n<p>&nbsp;<\/p>\n<p>&nbsp;<\/p>\n<p>&nbsp;<\/p>\n<p style=\"text-align: justify;\">ESTAMOS ESPECIALIZADOS EN ASESORAMIENTO A PYMES Y AUT\u00d3NOMOS, ABARCAMOS UN SERVICIO COMPLETO EN EL CAMPO DE LA ASESOR\u00cdA LABORAL, ALTAS, BAJAS, N\u00d3MINA, SEGUROS SOCIALES, ETC&#8230;\u00bbLA PEQUE\u00d1A EMPRESA ES NUESTRO GRAN CLIENTE\u00bb.<\/p>\n<p><img decoding=\"async\" loading=\"lazy\" class=\" wp-image-162 alignleft\" alt=\"SERVICIOS\" src=\"http:\/\/www.orviasesores.com\/wp-content\/uploads\/2014\/01\/CONTAB.jpg\" width=\"210\" height=\"105\" srcset=\"http:\/\/www.orviasesores.com\/wp-content\/uploads\/2014\/01\/CONTAB.jpg 400w, http:\/\/www.orviasesores.com\/wp-content\/uploads\/2014\/01\/CONTAB-300x150.jpg 300w, http:\/\/www.orviasesores.com\/wp-content\/uploads\/2014\/01\/CONTAB-340x170.jpg 340w\" sizes=\"(max-width: 210px) 100vw, 210px\" \/><\/p>\n<p>&nbsp;<\/p>\n<p>&nbsp;<\/p>\n<p>&nbsp;<\/p>\n<p>&nbsp;<\/p>\n<p>&nbsp;<\/p>\n<p style=\"text-align: justify;\">OFRECEMOS LA GESTI\u00d3N COMPLETA DEL BALANCE DE LA EMPRESA ADAPTADA AL NUEVO PLAN CONTABLE (NPCG), LIBROS OFICIALES DE CONTABILIDAD Y SU LEGALIZACI\u00d3N, SANEAMIENTO Y CONTABILIDADES ATRASADAS, ETC&#8230;<\/p>\n<p>&nbsp;<\/p>\n<p>&nbsp;<\/p>\n","protected":false},"excerpt":{"rendered":"<p>EXPEDIENTES DE DESPIDOS Y CONFLICTOS INDIVIDUALES, ERES, DEMANDAS, NEGOCIACI\u00d3N COLECTIVA, CONCILIACIONES LABORALES, MODIFICACIONES CONTRACTUALES, PRESTACIONES DE SEGURIDAD SOCIAL, PRESTACIONES DEL IMAS, ETC.. NUESTRO EQUIPO EST\u00c1 PERMANENTEMENTE A LA ACTUALIDAD EN LA NORMATIVA FISCAL PARA LA PLANIFICACI\u00d3N DE IMPUESTOS, IRPF, IVA, MOD. 347, ETC&#8230;Y PODER OFRECER UN EFICIENTE ASESORAMIENTO A NUESTROS CLIENTES. &nbsp; &nbsp; &nbsp; &nbsp; &hellip; <\/p>\n<p><a class=\"more-link btn\" href=\"http:\/\/www.orviasesores.com\/?page_id=115\">Seguir leyendo<\/a><\/p>\n","protected":false},"author":1,"featured_media":0,"parent":0,"menu_order":0,"comment_status":"open","ping_status":"open","template":"","meta":{"footnotes":""},"_links":{"self":[{"href":"http:\/\/www.orviasesores.com\/index.php?rest_route=\/wp\/v2\/pages\/115"}],"collection":[{"href":"http:\/\/www.orviasesores.com\/index.php?rest_route=\/wp\/v2\/pages"}],"about":[{"href":"http:\/\/www.orviasesores.com\/index.php?rest_route=\/wp\/v2\/types\/page"}],"author":[{"embeddable":true,"href":"http:\/\/www.orviasesores.com\/index.php?rest_route=\/wp\/v2\/users\/1"}],"replies":[{"embeddable":true,"href":"http:\/\/www.orviasesores.com\/index.php?rest_route=%2Fwp%2Fv2%2Fcomments&post=115"}],"version-history":[{"count":17,"href":"http:\/\/www.orviasesores.com\/index.php?rest_route=\/wp\/v2\/pages\/115\/revisions"}],"predecessor-version":[{"id":241,"href":"http:\/\/www.orviasesores.com\/index.php?rest_route=\/wp\/v2\/pages\/115\/revisions\/241"}],"wp:attachment":[{"href":"http:\/\/www.orviasesores.com\/index.php?rest_route=%2Fwp%2Fv2%2Fmedia&parent=115"}],"curies":[{"name":"wp","href":"https:\/\/api.w.org\/{rel}","templated":true}]}}